{"id":4340,"date":"2023-03-23T22:52:49","date_gmt":"2023-03-23T22:52:49","guid":{"rendered":"https:\/\/omatapalo.com\/travailler-chez-omatapalo\/"},"modified":"2023-10-09T14:22:24","modified_gmt":"2023-10-09T14:22:24","slug":"travailler-chez-omatapalo","status":"publish","type":"page","link":"https:\/\/omatapalo.com\/fr\/travailler-chez-omatapalo\/","title":{"rendered":"Travailler chez OMATAPALO"},"content":{"rendered":"\t\t<div data-elementor-type=\"wp-page\" data-elementor-id=\"4340\" class=\"elementor elementor-4340 elementor-831\" data-elementor-post-type=\"page\">\n\t\t\t\t<div class=\"has_eae_slider elementor-element elementor-element-0de2df5 c-box e-flex e-con-boxed e-con e-parent\" data-eae-slider=\"65801\" data-id=\"0de2df5\" data-element_type=\"container\" data-e-type=\"container\">\n\t\t\t\t\t<div class=\"e-con-inner\">\n\t\t<div class=\"has_eae_slider elementor-element elementor-element-2635e51 e-con-full e-flex e-con e-child\" data-eae-slider=\"44612\" data-id=\"2635e51\" data-element_type=\"container\" data-e-type=\"container\">\n\t\t\t\t<div class=\"elementor-element elementor-element-a7cdd60 elementor-widget__width-initial elementor-widget elementor-widget-heading\" data-id=\"a7cdd60\" data-element_type=\"widget\" data-e-type=\"widget\" data-widget_type=\"heading.default\">\n\t\t\t\t<div class=\"elementor-widget-container\">\n\t\t\t\t\t<h2 class=\"elementor-heading-title elementor-size-default\">Travailler chez OMATAPALO, c'est apprendre chaque jour, c'est faire avancer les choses.<\/h2>\t\t\t\t<\/div>\n\t\t\t\t<\/div>\n\t\t\t\t<\/div>\n\t\t<div class=\"has_eae_slider elementor-element elementor-element-b552cce e-flex e-con-boxed e-con e-child\" data-eae-slider=\"1445\" data-id=\"b552cce\" data-element_type=\"container\" data-e-type=\"container\">\n\t\t\t\t\t<div class=\"e-con-inner\">\n\t\t\t\t<div class=\"elementor-element elementor-element-4d33838 elementor-widget elementor-widget-text-editor\" data-id=\"4d33838\" data-element_type=\"widget\" data-e-type=\"widget\" data-widget_type=\"text-editor.default\">\n\t\t\t\t<div class=\"elementor-widget-container\">\n\t\t\t\t\t\t\t\t\t<p>Avec plus de 12.000 employ\u00e9s directs, OMATAPALO compte dans son personnel des experts dans des domaines li\u00e9s \u00e0 son activit\u00e9.<\/p>\n<p>L&rsquo;entreprise se base sur des niveaux d&rsquo;engagement \u00e9lev\u00e9s, de diligence dans l&rsquo;ex\u00e9cution et de responsabilit\u00e9 dans sa conduite, formant une \u00e9quipe pluridisciplinaire capable de mener des processus, d&rsquo;obtenir des r\u00e9sultats et de garantir des normes de qualit\u00e9, dans le respect de d\u00e9lais stricts, pour r\u00e9pondre aux exigences d&rsquo;une soci\u00e9t\u00e9 qui demande des solutions rapides.<\/p>\n\t\t\t\t\t\t\t\t<\/div>\n\t\t\t\t<\/div>\n\t\t\t\t\t<\/div>\n\t\t\t\t<\/div>\n\t\t\t\t<div class=\"elementor-element elementor-element-d1c3fe8 elementor-widget elementor-widget-spacer\" data-id=\"d1c3fe8\" data-element_type=\"widget\" data-e-type=\"widget\" data-widget_type=\"spacer.default\">\n\t\t\t\t<div class=\"elementor-widget-container\">\n\t\t\t\t\t\t\t<div class=\"elementor-spacer\">\n\t\t\t<div class=\"elementor-spacer-inner\"><\/div>\n\t\t<\/div>\n\t\t\t\t\t\t<\/div>\n\t\t\t\t<\/div>\n\t\t\t\t\t<\/div>\n\t\t\t\t<\/div>\n\t\t<div class=\"has_eae_slider elementor-element elementor-element-ff97a13 c-box e-flex e-con-boxed e-con e-parent\" data-eae-slider=\"63561\" data-id=\"ff97a13\" data-element_type=\"container\" data-e-type=\"container\">\n\t\t\t\t\t<div class=\"e-con-inner\">\n\t\t\t\t<div class=\"elementor-element elementor-element-b5ed8fc elementor-widget elementor-widget-menu-anchor\" data-id=\"b5ed8fc\" data-element_type=\"widget\" data-e-type=\"widget\" data-widget_type=\"menu-anchor.default\">\n\t\t\t\t<div class=\"elementor-widget-container\">\n\t\t\t\t\t\t\t<div class=\"elementor-menu-anchor\" id=\"academia\"><\/div>\n\t\t\t\t\t\t<\/div>\n\t\t\t\t<\/div>\n\t\t\t\t\t<\/div>\n\t\t\t\t<\/div>\n\t\t<div class=\"has_eae_slider elementor-element elementor-element-cd5d33a c-box e-flex e-con-boxed e-con e-parent\" data-eae-slider=\"91534\" data-id=\"cd5d33a\" data-element_type=\"container\" data-e-type=\"container\" data-settings=\"{&quot;background_background&quot;:&quot;classic&quot;}\">\n\t\t\t\t\t<div class=\"e-con-inner\">\n\t\t\t\t<div class=\"elementor-element elementor-element-b33f1b0 elementor-view-default elementor-position-block-start elementor-mobile-position-block-start elementor-widget elementor-widget-icon-box\" data-id=\"b33f1b0\" data-element_type=\"widget\" data-e-type=\"widget\" data-widget_type=\"icon-box.default\">\n\t\t\t\t<div class=\"elementor-widget-container\">\n\t\t\t\t\t\t\t<div class=\"elementor-icon-box-wrapper\">\n\n\t\t\t\t\t\t<div class=\"elementor-icon-box-icon\">\n\t\t\t\t<span  class=\"elementor-icon\">\n\t\t\t\t<svg xmlns=\"http:\/\/www.w3.org\/2000\/svg\" width=\"101.958\" height=\"18.145\" viewBox=\"0 0 101.958 18.145\"><path d=\"M15.61.675h86.347L86.347,18.82H0Z\" transform=\"translate(0 -0.675)\" fill=\"#004d92\"><\/path><\/svg>\t\t\t\t<\/span>\n\t\t\t<\/div>\n\t\t\t\n\t\t\t\t\t\t<div class=\"elementor-icon-box-content\">\n\n\t\t\t\t\t\t\t\t\t<h3 class=\"elementor-icon-box-title\">\n\t\t\t\t\t\t<span  >\n\t\t\t\t\t\t\t\n          <span class=\"notranslate\">L\u2019Academie<\/span>\n        \t\t\t\t\t\t<\/span>\n\t\t\t\t\t<\/h3>\n\t\t\t\t\n\t\t\t\t\n\t\t\t<\/div>\n\t\t\t\n\t\t<\/div>\n\t\t\t\t\t\t<\/div>\n\t\t\t\t<\/div>\n\t\t<div class=\"has_eae_slider elementor-element elementor-element-84ce6e6 e-flex e-con-boxed e-con e-child\" data-eae-slider=\"3854\" data-id=\"84ce6e6\" data-element_type=\"container\" data-e-type=\"container\">\n\t\t\t\t\t<div class=\"e-con-inner\">\n\t\t\t\t<div class=\"elementor-element elementor-element-58512ad elementor-widget__width-initial elementor-widget elementor-widget-image\" data-id=\"58512ad\" data-element_type=\"widget\" data-e-type=\"widget\" data-widget_type=\"image.default\">\n\t\t\t\t<div class=\"elementor-widget-container\">\n\t\t\t\t\t\t\t\t\t\t\t\t\t\t\t<img fetchpriority=\"high\" decoding=\"async\" width=\"520\" height=\"224\" src=\"https:\/\/omatapalo.com\/wp-content\/uploads\/logotipo-academia.png\" class=\"attachment-full size-full wp-image-4031\" alt=\"\" \/>\t\t\t\t\t\t\t\t\t\t\t\t\t\t\t<\/div>\n\t\t\t\t<\/div>\n\t\t\t\t<div class=\"elementor-element elementor-element-a3abbed elementor-widget__width-initial elementor-widget elementor-widget-text-editor\" data-id=\"a3abbed\" data-element_type=\"widget\" data-e-type=\"widget\" data-widget_type=\"text-editor.default\">\n\t\t\t\t<div class=\"elementor-widget-container\">\n\t\t\t\t\t\t\t\t\t<p>L&rsquo;ACADEMIE OMATAPALO, inaugur\u00e9e en <span class=\"notranslate\">2021<\/span>, a pour objectif principal la formation des cadres et des employ\u00e9s du groupe, en vue du d\u00e9veloppement et de la sp\u00e9cialisation de ses professionnels.<\/p>\n\t\t\t\t\t\t\t\t<\/div>\n\t\t\t\t<\/div>\n\t\t\t\t<div class=\"elementor-element elementor-element-aeceda1 elementor-view-default elementor-position-block-start elementor-mobile-position-block-start elementor-widget elementor-widget-icon-box\" data-id=\"aeceda1\" data-element_type=\"widget\" data-e-type=\"widget\" data-widget_type=\"icon-box.default\">\n\t\t\t\t<div class=\"elementor-widget-container\">\n\t\t\t\t\t\t\t<div class=\"elementor-icon-box-wrapper\">\n\n\t\t\t\t\t\t<div class=\"elementor-icon-box-icon\">\n\t\t\t\t<span  class=\"elementor-icon\">\n\t\t\t\t<i aria-hidden=\"true\" class=\"far fa-clock\"><\/i>\t\t\t\t<\/span>\n\t\t\t<\/div>\n\t\t\t\n\t\t\t\t\t\t<div class=\"elementor-icon-box-content\">\n\n\t\t\t\t\t\t\t\t\t<p class=\"elementor-icon-box-title\">\n\t\t\t\t\t\t<span  >\n\t\t\t\t\t\t\t+ 45.590\t\t\t\t\t\t<\/span>\n\t\t\t\t\t<\/p>\n\t\t\t\t\n\t\t\t\t\t\t\t\t\t<p class=\"elementor-icon-box-description\">\n\t\t\t\t\t\t HEURS DE FORMATION\t\t\t\t\t<\/p>\n\t\t\t\t\n\t\t\t<\/div>\n\t\t\t\n\t\t<\/div>\n\t\t\t\t\t\t<\/div>\n\t\t\t\t<\/div>\n\t\t\t\t\t<\/div>\n\t\t\t\t<\/div>\n\t\t\t\t\t<\/div>\n\t\t\t\t<\/div>\n\t\t<div class=\"has_eae_slider elementor-element elementor-element-65f754a e-flex e-con-boxed e-con e-parent\" data-eae-slider=\"64271\" data-id=\"65f754a\" data-element_type=\"container\" data-e-type=\"container\">\n\t\t\t\t\t<div class=\"e-con-inner\">\n\t\t\t\t<div class=\"elementor-element elementor-element-a88a692 elementor-widget elementor-widget-image-gallery\" data-id=\"a88a692\" data-element_type=\"widget\" data-e-type=\"widget\" data-widget_type=\"image-gallery.default\">\n\t\t\t\t<div class=\"elementor-widget-container\">\n\t\t\t\t\t\t\t<div class=\"elementor-image-gallery\">\n\t\t\t<div id='gallery-1' class='gallery galleryid-4340 gallery-columns-4 gallery-size-full'><figure class='gallery-item'>\n\t\t\t<div class='gallery-icon landscape'>\n\t\t\t\t<img width=\"1400\" height=\"900\" src=\"https:\/\/omatapalo.com\/wp-content\/uploads\/Academia-barra6.jpg\" class=\"attachment-full size-full\" alt=\"\" decoding=\"async\" \/>\n\t\t\t<\/div><\/figure><figure class='gallery-item'>\n\t\t\t<div class='gallery-icon landscape'>\n\t\t\t\t<img width=\"1400\" height=\"900\" src=\"https:\/\/omatapalo.com\/wp-content\/uploads\/Academia-barra3.jpg\" class=\"attachment-full size-full\" alt=\"\" decoding=\"async\" \/>\n\t\t\t<\/div><\/figure><figure class='gallery-item'>\n\t\t\t<div class='gallery-icon landscape'>\n\t\t\t\t<img loading=\"lazy\" width=\"1400\" height=\"900\" src=\"https:\/\/omatapalo.com\/wp-content\/uploads\/academia-barra2.jpg\" class=\"attachment-full size-full\" alt=\"\" decoding=\"async\" \/>\n\t\t\t<\/div><\/figure><figure class='gallery-item'>\n\t\t\t<div class='gallery-icon landscape'>\n\t\t\t\t<img loading=\"lazy\" width=\"1400\" height=\"900\" src=\"https:\/\/omatapalo.com\/wp-content\/uploads\/academia-barra.jpg\" class=\"attachment-full size-full\" alt=\"\" decoding=\"async\" \/>\n\t\t\t<\/div><\/figure>\n\t\t<\/div>\n\t\t<\/div>\n\t\t\t\t\t\t<\/div>\n\t\t\t\t<\/div>\n\t\t\t\t\t<\/div>\n\t\t\t\t<\/div>\n\t\t<div class=\"has_eae_slider elementor-element elementor-element-0f7a1d9 e-flex e-con-boxed e-con e-parent\" data-eae-slider=\"92028\" data-id=\"0f7a1d9\" data-element_type=\"container\" data-e-type=\"container\">\n\t\t\t\t\t<div class=\"e-con-inner\">\n\t\t\t\t\t<\/div>\n\t\t\t\t<\/div>\n\t\t\t\t<\/div>\n\t\t","protected":false},"excerpt":{"rendered":"<p>Travailler chez OMATAPALO, c&rsquo;est apprendre chaque jour, c&rsquo;est faire avancer les choses. Avec plus de 12.000 employ\u00e9s directs, OMATAPALO compte dans son personnel des experts dans des domaines li\u00e9s \u00e0 son activit\u00e9. L&rsquo;entreprise se base sur des niveaux d&rsquo;engagement \u00e9lev\u00e9s, de diligence dans l&rsquo;ex\u00e9cution et de responsabilit\u00e9 dans sa conduite, formant une \u00e9quipe pluridisciplinaire capable [&hellip;]<\/p>\n","protected":false},"author":1,"featured_media":4017,"parent":0,"menu_order":0,"comment_status":"closed","ping_status":"closed","template":"","meta":{"_jf_limit_responses":"","footnotes":""},"class_list":["post-4340","page","type-page","status-publish","has-post-thumbnail","hentry"],"_links":{"self":[{"href":"https:\/\/omatapalo.com\/fr\/wp-json\/wp\/v2\/pages\/4340","targetHints":{"allow":["GET"]}}],"collection":[{"href":"https:\/\/omatapalo.com\/fr\/wp-json\/wp\/v2\/pages"}],"about":[{"href":"https:\/\/omatapalo.com\/fr\/wp-json\/wp\/v2\/types\/page"}],"author":[{"embeddable":true,"href":"https:\/\/omatapalo.com\/fr\/wp-json\/wp\/v2\/users\/1"}],"replies":[{"embeddable":true,"href":"https:\/\/omatapalo.com\/fr\/wp-json\/wp\/v2\/comments?post=4340"}],"version-history":[{"count":2,"href":"https:\/\/omatapalo.com\/fr\/wp-json\/wp\/v2\/pages\/4340\/revisions"}],"predecessor-version":[{"id":6089,"href":"https:\/\/omatapalo.com\/fr\/wp-json\/wp\/v2\/pages\/4340\/revisions\/6089"}],"wp:featuredmedia":[{"embeddable":true,"href":"https:\/\/omatapalo.com\/fr\/wp-json\/wp\/v2\/media\/4017"}],"wp:attachment":[{"href":"https:\/\/omatapalo.com\/fr\/wp-json\/wp\/v2\/media?parent=4340"}],"curies":[{"name":"wp","href":"https:\/\/api.w.org\/{rel}","templated":true}]}}